{"id":252,"date":"2017-01-05T22:02:01","date_gmt":"2017-01-05T22:02:01","guid":{"rendered":"http:\/\/www.riviera-hotel.gr\/riviera\/?page_id=252"},"modified":"2017-05-24T17:09:22","modified_gmt":"2017-05-24T17:09:22","slug":"%cf%83%cf%8d%ce%b2%ce%bf%cf%84%ce%b1","status":"publish","type":"page","link":"http:\/\/www.riviera-hotel.gr\/riviera\/de\/attractions\/%cf%83%cf%8d%ce%b2%ce%bf%cf%84%ce%b1\/","title":{"rendered":"Syvota"},"content":{"rendered":"<p>Syvota, das nur 12 km von Perdika entfernt liegt, ist eines der beliebtesten touristischen Reiseziele in Griechenland. Mit seinem malerischen Hafen und den unz\u00e4hligen kleinen Buchten und Str\u00e4nden, die sich verstreut in der Umgebung befinden, macht es einen der sch\u00f6nsten Orte der Umgebung aus.<br \/>\nDer Besucher kann hier eine Mahlzeit oder ein Getr\u00e4nk mit Blick auf das Blau des\u00a0 Ionischen Meeres genie\u00dfen und Souvenirs jeder Art erwerben. Was er auf keinen Fall vers\u00e4umen sollte, ist jedoch eine Bootsfahrt zu den verborgenen Str\u00e4nden der Region, deren einzigartige Sch\u00f6nheit ihm ein Leben lang in Erinnerung bleiben wird. Str\u00e4nde wie z. B. Pisina, Bela Vraka, Zavia und Megali Ammos warten darauf,\u00a0 von Ihnen erkundet zu werden.<\/p>\n<a class=\"synved-social-button synved-social-button-share synved-social-size-32 synved-social-resolution-single synved-social-provider-facebook nolightbox\" data-provider=\"facebook\" target=\"_blank\" rel=\"nofollow\" title=\"Share on Facebook\" href=\"https:\/\/www.facebook.com\/sharer.php?u=http%3A%2F%2Fwww.riviera-hotel.gr%2Friviera%2Fde%2Fwp-json%2Fwp%2Fv2%2Fpages%2F252&#038;t=Syvota&#038;s=100&#038;p&#091;url&#093;=http%3A%2F%2Fwww.riviera-hotel.gr%2Friviera%2Fde%2Fwp-json%2Fwp%2Fv2%2Fpages%2F252&#038;p&#091;images&#093;&#091;0&#093;=http%3A%2F%2Fwww.riviera-hotel.gr%2Friviera%2Fwp-content%2Fuploads%2F2017%2F01%2FSivotaBellaVraka.jpg&#038;p&#091;title&#093;=Syvota\" style=\"font-size: 0px;width:32px;height:32px;margin:0;margin-bottom:5px;margin-right:5px\"><img alt=\"Facebook\" title=\"Share on Facebook\" class=\"synved-share-image synved-social-image synved-social-image-share\" width=\"32\" height=\"32\" style=\"display: inline;width:32px;height:32px;margin: 0;padding: 0;border: none\" src=\"http:\/\/www.riviera-hotel.gr\/riviera\/wp-content\/plugins\/social-media-feather\/synved-social\/addons\/extra-icons\/image\/social\/flag\/64x64\/facebook.png\" \/><\/a><a class=\"synved-social-button synved-social-button-share synved-social-size-32 synved-social-resolution-single synved-social-provider-twitter nolightbox\" data-provider=\"twitter\" target=\"_blank\" rel=\"nofollow\" title=\"Share on Twitter\" href=\"https:\/\/twitter.com\/intent\/tweet?url=http%3A%2F%2Fwww.riviera-hotel.gr%2Friviera%2Fde%2Fwp-json%2Fwp%2Fv2%2Fpages%2F252&#038;text=Hey%20check%20this%20out\" style=\"font-size: 0px;width:32px;height:32px;margin:0;margin-bottom:5px;margin-right:5px\"><img alt=\"twitter\" title=\"Share on Twitter\" class=\"synved-share-image synved-social-image synved-social-image-share\" width=\"32\" height=\"32\" style=\"display: inline;width:32px;height:32px;margin: 0;padding: 0;border: none\" src=\"http:\/\/www.riviera-hotel.gr\/riviera\/wp-content\/plugins\/social-media-feather\/synved-social\/addons\/extra-icons\/image\/social\/flag\/64x64\/twitter.png\" \/><\/a><a class=\"synved-social-button synved-social-button-share synved-social-size-32 synved-social-resolution-single synved-social-provider-reddit nolightbox\" data-provider=\"reddit\" target=\"_blank\" rel=\"nofollow\" title=\"Share on Reddit\" href=\"https:\/\/www.reddit.com\/submit?url=http%3A%2F%2Fwww.riviera-hotel.gr%2Friviera%2Fde%2Fwp-json%2Fwp%2Fv2%2Fpages%2F252&#038;title=Syvota\" style=\"font-size: 0px;width:32px;height:32px;margin:0;margin-bottom:5px;margin-right:5px\"><img alt=\"reddit\" title=\"Share on Reddit\" class=\"synved-share-image synved-social-image synved-social-image-share\" width=\"32\" height=\"32\" style=\"display: inline;width:32px;height:32px;margin: 0;padding: 0;border: none\" src=\"http:\/\/www.riviera-hotel.gr\/riviera\/wp-content\/plugins\/social-media-feather\/synved-social\/addons\/extra-icons\/image\/social\/flag\/64x64\/reddit.png\" \/><\/a><a class=\"synved-social-button synved-social-button-share synved-social-size-32 synved-social-resolution-single synved-social-provider-pinterest nolightbox\" data-provider=\"pinterest\" target=\"_blank\" rel=\"nofollow\" title=\"Pin it with Pinterest\" href=\"https:\/\/pinterest.com\/pin\/create\/button\/?url=http%3A%2F%2Fwww.riviera-hotel.gr%2Friviera%2Fde%2Fwp-json%2Fwp%2Fv2%2Fpages%2F252&#038;media=http%3A%2F%2Fwww.riviera-hotel.gr%2Friviera%2Fwp-content%2Fuploads%2F2017%2F01%2FSivotaBellaVraka.jpg&#038;description=Syvota\" style=\"font-size: 0px;width:32px;height:32px;margin:0;margin-bottom:5px;margin-right:5px\"><img alt=\"pinterest\" title=\"Pin it with Pinterest\" class=\"synved-share-image synved-social-image synved-social-image-share\" width=\"32\" height=\"32\" style=\"display: inline;width:32px;height:32px;margin: 0;padding: 0;border: none\" src=\"http:\/\/www.riviera-hotel.gr\/riviera\/wp-content\/plugins\/social-media-feather\/synved-social\/addons\/extra-icons\/image\/social\/flag\/64x64\/pinterest.png\" \/><\/a><a class=\"synved-social-button synved-social-button-share synved-social-size-32 synved-social-resolution-single synved-social-provider-linkedin nolightbox\" data-provider=\"linkedin\" target=\"_blank\" rel=\"nofollow\" title=\"Share on Linkedin\" href=\"https:\/\/www.linkedin.com\/shareArticle?mini=true&#038;url=http%3A%2F%2Fwww.riviera-hotel.gr%2Friviera%2Fde%2Fwp-json%2Fwp%2Fv2%2Fpages%2F252&#038;title=Syvota\" style=\"font-size: 0px;width:32px;height:32px;margin:0;margin-bottom:5px;margin-right:5px\"><img alt=\"linkedin\" title=\"Share on Linkedin\" class=\"synved-share-image synved-social-image synved-social-image-share\" width=\"32\" height=\"32\" style=\"display: inline;width:32px;height:32px;margin: 0;padding: 0;border: none\" src=\"http:\/\/www.riviera-hotel.gr\/riviera\/wp-content\/plugins\/social-media-feather\/synved-social\/addons\/extra-icons\/image\/social\/flag\/64x64\/linkedin.png\" \/><\/a><a class=\"synved-social-button synved-social-button-share synved-social-size-32 synved-social-resolution-single synved-social-provider-mail nolightbox\" data-provider=\"mail\" rel=\"nofollow\" title=\"Share by email\" href=\"mailto:?subject=Syvota&#038;body=Hey%20check%20this%20out:%20http%3A%2F%2Fwww.riviera-hotel.gr%2Friviera%2Fde%2Fwp-json%2Fwp%2Fv2%2Fpages%2F252\" style=\"font-size: 0px;width:32px;height:32px;margin:0;margin-bottom:5px\"><img alt=\"mail\" title=\"Share by email\" class=\"synved-share-image synved-social-image synved-social-image-share\" width=\"32\" height=\"32\" style=\"display: inline;width:32px;height:32px;margin: 0;padding: 0;border: none\" src=\"http:\/\/www.riviera-hotel.gr\/riviera\/wp-content\/plugins\/social-media-feather\/synved-social\/addons\/extra-icons\/image\/social\/flag\/64x64\/mail.png\" \/><\/a>","protected":false},"excerpt":{"rendered":"<p>Syvota, das nur 12 km von Perdika entfernt liegt, ist eines der beliebtesten touristischen Reiseziele in Griechenland. Mit seinem malerischen Hafen und den unz\u00e4hligen kleinen Buchten und Str\u00e4nden, die sich [&hellip;]<\/p>\n","protected":false},"author":1,"featured_media":335,"parent":19,"menu_order":5,"comment_status":"closed","ping_status":"closed","template":"page-templates\/attraction.php","meta":[],"_links":{"self":[{"href":"http:\/\/www.riviera-hotel.gr\/riviera\/de\/wp-json\/wp\/v2\/pages\/252"}],"collection":[{"href":"http:\/\/www.riviera-hotel.gr\/riviera\/de\/wp-json\/wp\/v2\/pages"}],"about":[{"href":"http:\/\/www.riviera-hotel.gr\/riviera\/de\/wp-json\/wp\/v2\/types\/page"}],"author":[{"embeddable":true,"href":"http:\/\/www.riviera-hotel.gr\/riviera\/de\/wp-json\/wp\/v2\/users\/1"}],"replies":[{"embeddable":true,"href":"http:\/\/www.riviera-hotel.gr\/riviera\/de\/wp-json\/wp\/v2\/comments?post=252"}],"version-history":[{"count":1,"href":"http:\/\/www.riviera-hotel.gr\/riviera\/de\/wp-json\/wp\/v2\/pages\/252\/revisions"}],"predecessor-version":[{"id":253,"href":"http:\/\/www.riviera-hotel.gr\/riviera\/de\/wp-json\/wp\/v2\/pages\/252\/revisions\/253"}],"up":[{"embeddable":true,"href":"http:\/\/www.riviera-hotel.gr\/riviera\/de\/wp-json\/wp\/v2\/pages\/19"}],"wp:featuredmedia":[{"embeddable":true,"href":"http:\/\/www.riviera-hotel.gr\/riviera\/de\/wp-json\/wp\/v2\/media\/335"}],"wp:attachment":[{"href":"http:\/\/www.riviera-hotel.gr\/riviera\/de\/wp-json\/wp\/v2\/media?parent=252"}],"curies":[{"name":"wp","href":"https:\/\/api.w.org\/{rel}","templated":true}]}}