{"id":38,"date":"2014-10-31T22:48:52","date_gmt":"2014-10-31T22:48:52","guid":{"rendered":"http:\/\/demo.hermesthemes.com\/fortuna\/?page_id=38"},"modified":"2017-05-24T17:07:44","modified_gmt":"2017-05-24T17:07:44","slug":"old-royal-naval-college","status":"publish","type":"page","link":"http:\/\/www.riviera-hotel.gr\/riviera\/de\/attractions\/old-royal-naval-college\/","title":{"rendered":"Volkskundemuseum"},"content":{"rendered":"<p>Das Volkskundemuseum von Perdika ist mit viel Liebe und Sorgfalt eingerichtet worden und beherbergt Exponate der epirotischen Kultur.<br \/>\nEs befindet sich am Hauptplatz des Dorfes und Sie k\u00f6nnen dort Exponate, wie z. B. traditionelle Trachten, Ger\u00e4tschaften und Werkzeuge, sowie Fotografien aus dem Leben von Perdika in vergangenen Zeiten finden.<br \/>\nAlle Gegenst\u00e4nde sind von Bewohnern des Dorfes mit viel Liebe zur Verf\u00fcgung gestellt worden, damit sie von allen unseren G\u00e4sten bewundert werden k\u00f6nnen.<\/p>\n<a class=\"synved-social-button synved-social-button-share synved-social-size-32 synved-social-resolution-single synved-social-provider-facebook nolightbox\" data-provider=\"facebook\" target=\"_blank\" rel=\"nofollow\" title=\"Share on Facebook\" href=\"https:\/\/www.facebook.com\/sharer.php?u=http%3A%2F%2Fwww.riviera-hotel.gr%2Friviera%2Fde%2Fwp-json%2Fwp%2Fv2%2Fpages%2F38&#038;t=Volkskundemuseum&#038;s=100&#038;p&#091;url&#093;=http%3A%2F%2Fwww.riviera-hotel.gr%2Friviera%2Fde%2Fwp-json%2Fwp%2Fv2%2Fpages%2F38&#038;p&#091;images&#093;&#091;0&#093;=http%3A%2F%2Fwww.riviera-hotel.gr%2Friviera%2Fwp-content%2Fuploads%2F2014%2F10%2FLaografikoMoyseio.jpg&#038;p&#091;title&#093;=Volkskundemuseum\" style=\"font-size: 0px;width:32px;height:32px;margin:0;margin-bottom:5px;margin-right:5px\"><img alt=\"Facebook\" title=\"Share on Facebook\" class=\"synved-share-image synved-social-image synved-social-image-share\" width=\"32\" height=\"32\" style=\"display: inline;width:32px;height:32px;margin: 0;padding: 0;border: none\" src=\"http:\/\/www.riviera-hotel.gr\/riviera\/wp-content\/plugins\/social-media-feather\/synved-social\/addons\/extra-icons\/image\/social\/flag\/64x64\/facebook.png\" \/><\/a><a class=\"synved-social-button synved-social-button-share synved-social-size-32 synved-social-resolution-single synved-social-provider-twitter nolightbox\" data-provider=\"twitter\" target=\"_blank\" rel=\"nofollow\" title=\"Share on Twitter\" href=\"https:\/\/twitter.com\/intent\/tweet?url=http%3A%2F%2Fwww.riviera-hotel.gr%2Friviera%2Fde%2Fwp-json%2Fwp%2Fv2%2Fpages%2F38&#038;text=Hey%20check%20this%20out\" style=\"font-size: 0px;width:32px;height:32px;margin:0;margin-bottom:5px;margin-right:5px\"><img alt=\"twitter\" title=\"Share on Twitter\" class=\"synved-share-image synved-social-image synved-social-image-share\" width=\"32\" height=\"32\" style=\"display: inline;width:32px;height:32px;margin: 0;padding: 0;border: none\" src=\"http:\/\/www.riviera-hotel.gr\/riviera\/wp-content\/plugins\/social-media-feather\/synved-social\/addons\/extra-icons\/image\/social\/flag\/64x64\/twitter.png\" \/><\/a><a class=\"synved-social-button synved-social-button-share synved-social-size-32 synved-social-resolution-single synved-social-provider-reddit nolightbox\" data-provider=\"reddit\" target=\"_blank\" rel=\"nofollow\" title=\"Share on Reddit\" href=\"https:\/\/www.reddit.com\/submit?url=http%3A%2F%2Fwww.riviera-hotel.gr%2Friviera%2Fde%2Fwp-json%2Fwp%2Fv2%2Fpages%2F38&#038;title=Volkskundemuseum\" style=\"font-size: 0px;width:32px;height:32px;margin:0;margin-bottom:5px;margin-right:5px\"><img alt=\"reddit\" title=\"Share on Reddit\" class=\"synved-share-image synved-social-image synved-social-image-share\" width=\"32\" height=\"32\" style=\"display: inline;width:32px;height:32px;margin: 0;padding: 0;border: none\" src=\"http:\/\/www.riviera-hotel.gr\/riviera\/wp-content\/plugins\/social-media-feather\/synved-social\/addons\/extra-icons\/image\/social\/flag\/64x64\/reddit.png\" \/><\/a><a class=\"synved-social-button synved-social-button-share synved-social-size-32 synved-social-resolution-single synved-social-provider-pinterest nolightbox\" data-provider=\"pinterest\" target=\"_blank\" rel=\"nofollow\" title=\"Pin it with Pinterest\" href=\"https:\/\/pinterest.com\/pin\/create\/button\/?url=http%3A%2F%2Fwww.riviera-hotel.gr%2Friviera%2Fde%2Fwp-json%2Fwp%2Fv2%2Fpages%2F38&#038;media=http%3A%2F%2Fwww.riviera-hotel.gr%2Friviera%2Fwp-content%2Fuploads%2F2014%2F10%2FLaografikoMoyseio.jpg&#038;description=Volkskundemuseum\" style=\"font-size: 0px;width:32px;height:32px;margin:0;margin-bottom:5px;margin-right:5px\"><img alt=\"pinterest\" title=\"Pin it with Pinterest\" class=\"synved-share-image synved-social-image synved-social-image-share\" width=\"32\" height=\"32\" style=\"display: inline;width:32px;height:32px;margin: 0;padding: 0;border: none\" src=\"http:\/\/www.riviera-hotel.gr\/riviera\/wp-content\/plugins\/social-media-feather\/synved-social\/addons\/extra-icons\/image\/social\/flag\/64x64\/pinterest.png\" \/><\/a><a class=\"synved-social-button synved-social-button-share synved-social-size-32 synved-social-resolution-single synved-social-provider-linkedin nolightbox\" data-provider=\"linkedin\" target=\"_blank\" rel=\"nofollow\" title=\"Share on Linkedin\" href=\"https:\/\/www.linkedin.com\/shareArticle?mini=true&#038;url=http%3A%2F%2Fwww.riviera-hotel.gr%2Friviera%2Fde%2Fwp-json%2Fwp%2Fv2%2Fpages%2F38&#038;title=Volkskundemuseum\" style=\"font-size: 0px;width:32px;height:32px;margin:0;margin-bottom:5px;margin-right:5px\"><img alt=\"linkedin\" title=\"Share on Linkedin\" class=\"synved-share-image synved-social-image synved-social-image-share\" width=\"32\" height=\"32\" style=\"display: inline;width:32px;height:32px;margin: 0;padding: 0;border: none\" src=\"http:\/\/www.riviera-hotel.gr\/riviera\/wp-content\/plugins\/social-media-feather\/synved-social\/addons\/extra-icons\/image\/social\/flag\/64x64\/linkedin.png\" \/><\/a><a class=\"synved-social-button synved-social-button-share synved-social-size-32 synved-social-resolution-single synved-social-provider-mail nolightbox\" data-provider=\"mail\" rel=\"nofollow\" title=\"Share by email\" href=\"mailto:?subject=Volkskundemuseum&#038;body=Hey%20check%20this%20out:%20http%3A%2F%2Fwww.riviera-hotel.gr%2Friviera%2Fde%2Fwp-json%2Fwp%2Fv2%2Fpages%2F38\" style=\"font-size: 0px;width:32px;height:32px;margin:0;margin-bottom:5px\"><img alt=\"mail\" title=\"Share by email\" class=\"synved-share-image synved-social-image synved-social-image-share\" width=\"32\" height=\"32\" style=\"display: inline;width:32px;height:32px;margin: 0;padding: 0;border: none\" src=\"http:\/\/www.riviera-hotel.gr\/riviera\/wp-content\/plugins\/social-media-feather\/synved-social\/addons\/extra-icons\/image\/social\/flag\/64x64\/mail.png\" \/><\/a>","protected":false},"excerpt":{"rendered":"<p>Das Volkskundemuseum von Perdika ist mit viel Liebe und Sorgfalt eingerichtet worden und beherbergt Exponate der epirotischen Kultur. Es befindet sich am Hauptplatz des Dorfes und Sie k\u00f6nnen dort Exponate, [&hellip;]<\/p>\n","protected":false},"author":1,"featured_media":333,"parent":19,"menu_order":2,"comment_status":"closed","ping_status":"closed","template":"page-templates\/attraction.php","meta":[],"_links":{"self":[{"href":"http:\/\/www.riviera-hotel.gr\/riviera\/de\/wp-json\/wp\/v2\/pages\/38"}],"collection":[{"href":"http:\/\/www.riviera-hotel.gr\/riviera\/de\/wp-json\/wp\/v2\/pages"}],"about":[{"href":"http:\/\/www.riviera-hotel.gr\/riviera\/de\/wp-json\/wp\/v2\/types\/page"}],"author":[{"embeddable":true,"href":"http:\/\/www.riviera-hotel.gr\/riviera\/de\/wp-json\/wp\/v2\/users\/1"}],"replies":[{"embeddable":true,"href":"http:\/\/www.riviera-hotel.gr\/riviera\/de\/wp-json\/wp\/v2\/comments?post=38"}],"version-history":[{"count":1,"href":"http:\/\/www.riviera-hotel.gr\/riviera\/de\/wp-json\/wp\/v2\/pages\/38\/revisions"}],"predecessor-version":[{"id":248,"href":"http:\/\/www.riviera-hotel.gr\/riviera\/de\/wp-json\/wp\/v2\/pages\/38\/revisions\/248"}],"up":[{"embeddable":true,"href":"http:\/\/www.riviera-hotel.gr\/riviera\/de\/wp-json\/wp\/v2\/pages\/19"}],"wp:featuredmedia":[{"embeddable":true,"href":"http:\/\/www.riviera-hotel.gr\/riviera\/de\/wp-json\/wp\/v2\/media\/333"}],"wp:attachment":[{"href":"http:\/\/www.riviera-hotel.gr\/riviera\/de\/wp-json\/wp\/v2\/media?parent=38"}],"curies":[{"name":"wp","href":"https:\/\/api.w.org\/{rel}","templated":true}]}}