{"id":22,"date":"2014-10-31T22:35:47","date_gmt":"2014-10-31T20:35:47","guid":{"rendered":"http:\/\/demo.hermesthemes.com\/fortuna\/?page_id=22"},"modified":"2023-11-14T07:38:03","modified_gmt":"2023-11-14T07:38:03","slug":"rooms-rates","status":"publish","type":"page","link":"https:\/\/www.riviera-hotel.gr\/riviera\/de\/rooms-rates\/","title":{"rendered":"Hotel"},"content":{"rendered":"<p>Das Riviera Perdika Hotel ist ein neuerrichtetes 3-Sterne Hotel \u00a0mit einer Kapazit\u00e4t von insgesamt 21 Zimmern. Es liegt in einer Entfernung von nur 80 Metern vom Karavostassi-Strand, neben einem malerischen Fl\u00fcsschen, inmitten von Platanen.<\/p>\n<p>Unser Hotel bietet Ihnen jeglichen Komfort f\u00fcr einen angenehmen Aufenthalt. Sie werden in ger\u00e4umigen Zimmern wohnen, die apart dekoriert und mit jeglichem Komfort ausgestattet sind, wie z.B. Klimaanlage, Satellitenfernsehen, Mini-Bar, Safe, Internetanschluss und anderem. F\u00fcr anspruchsvolle G\u00e4ste, die f\u00fcr ihren Urlaub etwas Besonderes w\u00fcnschen, k\u00f6nnen wir drei Zimmer mit Jacuzzi, einer gro\u00dfen Veranda und privaten Liegest\u00fchlen anbieten, damit Sie ungest\u00f6rt die zauberhaften Sonnenunterg\u00e4nge am Ionischen Meer genie\u00dfen k\u00f6nnen.<\/p>\n<p>Genie\u00dfen Sie einen Cocktail oder einen Kaffee auf den ger\u00e4umigen Balkonen mit dem zauberhaften Ausblick auf das Ionische Meer oder in der Bar am 130 m2 gro\u00dfen Swimmingpool, der zu Ihrer vollkommenen Entspannung auch \u00fcber einen Jacuzzi-Bereich verf\u00fcgt. F\u00fcr Ihre Informierung und Unterhaltung befindet sich ein Fernseher in der Lobby, oder Sie \u00a0k\u00f6nnen auch \u00fcber das funklose Wi-Fi-Netz an allen Punkten des Hotels im Internet surfen. Ihr Auto k\u00f6nnen Sie dabei bis zu Ihrer Abfahrt auf dem \u00fcberdachten Parkplatz stehen lassen.<\/p>\n<p>Was Ihren Gaumengenuss betrifft, wird daf\u00fcr im Restaurant \u201ePerivoli\u201c gesorgt, wo in erneuerter Umgebung unser erfahrener Chefkoch vor ihren Augen Originalrezepte der griechischen und internationalen K\u00fcche zubereitet, sowie frischen Fisch, dabei immer auf Qualit\u00e4t und tadellosen Service bedacht.<\/p>\n<a class=\"synved-social-button synved-social-button-share synved-social-size-32 synved-social-resolution-single synved-social-provider-facebook nolightbox\" data-provider=\"facebook\" target=\"_blank\" rel=\"nofollow\" title=\"Share on Facebook\" href=\"https:\/\/www.facebook.com\/sharer.php?u=https%3A%2F%2Fwww.riviera-hotel.gr%2Friviera%2Fde%2Fwp-json%2Fwp%2Fv2%2Fpages%2F22&#038;t=Hotel&#038;s=100&#038;p&#091;url&#093;=https%3A%2F%2Fwww.riviera-hotel.gr%2Friviera%2Fde%2Fwp-json%2Fwp%2Fv2%2Fpages%2F22&#038;p&#091;images&#093;&#091;0&#093;=https%3A%2F%2Fwww.riviera-hotel.gr%2Friviera%2Fwp-content%2Fuploads%2F2014%2F10%2F0047948-copy.jpg&#038;p&#091;title&#093;=Hotel\" style=\"font-size: 0px;width:32px;height:32px;margin:0;margin-bottom:5px;margin-right:5px\"><img alt=\"Facebook\" title=\"Share on Facebook\" class=\"synved-share-image synved-social-image synved-social-image-share\" width=\"32\" height=\"32\" style=\"display: inline;width:32px;height:32px;margin: 0;padding: 0;border: none\" src=\"https:\/\/www.riviera-hotel.gr\/riviera\/wp-content\/plugins\/social-media-feather\/synved-social\/addons\/extra-icons\/image\/social\/flag\/64x64\/facebook.png\" \/><\/a><a class=\"synved-social-button synved-social-button-share synved-social-size-32 synved-social-resolution-single synved-social-provider-twitter nolightbox\" data-provider=\"twitter\" target=\"_blank\" rel=\"nofollow\" title=\"Share on Twitter\" href=\"https:\/\/twitter.com\/intent\/tweet?url=https%3A%2F%2Fwww.riviera-hotel.gr%2Friviera%2Fde%2Fwp-json%2Fwp%2Fv2%2Fpages%2F22&#038;text=Hey%20check%20this%20out\" style=\"font-size: 0px;width:32px;height:32px;margin:0;margin-bottom:5px;margin-right:5px\"><img alt=\"twitter\" title=\"Share on Twitter\" class=\"synved-share-image synved-social-image synved-social-image-share\" width=\"32\" height=\"32\" style=\"display: inline;width:32px;height:32px;margin: 0;padding: 0;border: none\" src=\"https:\/\/www.riviera-hotel.gr\/riviera\/wp-content\/plugins\/social-media-feather\/synved-social\/addons\/extra-icons\/image\/social\/flag\/64x64\/twitter.png\" \/><\/a><a class=\"synved-social-button synved-social-button-share synved-social-size-32 synved-social-resolution-single synved-social-provider-reddit nolightbox\" data-provider=\"reddit\" target=\"_blank\" rel=\"nofollow\" title=\"Share on Reddit\" href=\"https:\/\/www.reddit.com\/submit?url=https%3A%2F%2Fwww.riviera-hotel.gr%2Friviera%2Fde%2Fwp-json%2Fwp%2Fv2%2Fpages%2F22&#038;title=Hotel\" style=\"font-size: 0px;width:32px;height:32px;margin:0;margin-bottom:5px;margin-right:5px\"><img alt=\"reddit\" title=\"Share on Reddit\" class=\"synved-share-image synved-social-image synved-social-image-share\" width=\"32\" height=\"32\" style=\"display: inline;width:32px;height:32px;margin: 0;padding: 0;border: none\" src=\"https:\/\/www.riviera-hotel.gr\/riviera\/wp-content\/plugins\/social-media-feather\/synved-social\/addons\/extra-icons\/image\/social\/flag\/64x64\/reddit.png\" \/><\/a><a class=\"synved-social-button synved-social-button-share synved-social-size-32 synved-social-resolution-single synved-social-provider-pinterest nolightbox\" data-provider=\"pinterest\" target=\"_blank\" rel=\"nofollow\" title=\"Pin it with Pinterest\" href=\"https:\/\/pinterest.com\/pin\/create\/button\/?url=https%3A%2F%2Fwww.riviera-hotel.gr%2Friviera%2Fde%2Fwp-json%2Fwp%2Fv2%2Fpages%2F22&#038;media=https%3A%2F%2Fwww.riviera-hotel.gr%2Friviera%2Fwp-content%2Fuploads%2F2014%2F10%2F0047948-copy.jpg&#038;description=Hotel\" style=\"font-size: 0px;width:32px;height:32px;margin:0;margin-bottom:5px;margin-right:5px\"><img alt=\"pinterest\" title=\"Pin it with Pinterest\" class=\"synved-share-image synved-social-image synved-social-image-share\" width=\"32\" height=\"32\" style=\"display: inline;width:32px;height:32px;margin: 0;padding: 0;border: none\" src=\"https:\/\/www.riviera-hotel.gr\/riviera\/wp-content\/plugins\/social-media-feather\/synved-social\/addons\/extra-icons\/image\/social\/flag\/64x64\/pinterest.png\" \/><\/a><a class=\"synved-social-button synved-social-button-share synved-social-size-32 synved-social-resolution-single synved-social-provider-linkedin nolightbox\" data-provider=\"linkedin\" target=\"_blank\" rel=\"nofollow\" title=\"Share on Linkedin\" href=\"https:\/\/www.linkedin.com\/shareArticle?mini=true&#038;url=https%3A%2F%2Fwww.riviera-hotel.gr%2Friviera%2Fde%2Fwp-json%2Fwp%2Fv2%2Fpages%2F22&#038;title=Hotel\" style=\"font-size: 0px;width:32px;height:32px;margin:0;margin-bottom:5px;margin-right:5px\"><img alt=\"linkedin\" title=\"Share on Linkedin\" class=\"synved-share-image synved-social-image synved-social-image-share\" width=\"32\" height=\"32\" style=\"display: inline;width:32px;height:32px;margin: 0;padding: 0;border: none\" src=\"https:\/\/www.riviera-hotel.gr\/riviera\/wp-content\/plugins\/social-media-feather\/synved-social\/addons\/extra-icons\/image\/social\/flag\/64x64\/linkedin.png\" \/><\/a><a class=\"synved-social-button synved-social-button-share synved-social-size-32 synved-social-resolution-single synved-social-provider-mail nolightbox\" data-provider=\"mail\" rel=\"nofollow\" title=\"Share by email\" href=\"mailto:?subject=Hotel&#038;body=Hey%20check%20this%20out:%20https%3A%2F%2Fwww.riviera-hotel.gr%2Friviera%2Fde%2Fwp-json%2Fwp%2Fv2%2Fpages%2F22\" style=\"font-size: 0px;width:32px;height:32px;margin:0;margin-bottom:5px\"><img alt=\"mail\" title=\"Share by email\" class=\"synved-share-image synved-social-image synved-social-image-share\" width=\"32\" height=\"32\" style=\"display: inline;width:32px;height:32px;margin: 0;padding: 0;border: none\" src=\"https:\/\/www.riviera-hotel.gr\/riviera\/wp-content\/plugins\/social-media-feather\/synved-social\/addons\/extra-icons\/image\/social\/flag\/64x64\/mail.png\" \/><\/a>","protected":false},"excerpt":{"rendered":"<p>Das Riviera Perdika Hotel ist ein neuerrichtetes 3-Sterne Hotel \u00a0mit einer Kapazit\u00e4t von insgesamt 21 Zimmern. Es liegt in einer Entfernung von nur 80 Metern vom Karavostassi-Strand, neben einem malerischen [&hellip;]<\/p>\n","protected":false},"author":1,"featured_media":461,"parent":0,"menu_order":0,"comment_status":"closed","ping_status":"closed","template":"page-templates\/rooms.php","meta":[],"_links":{"self":[{"href":"https:\/\/www.riviera-hotel.gr\/riviera\/de\/wp-json\/wp\/v2\/pages\/22"}],"collection":[{"href":"https:\/\/www.riviera-hotel.gr\/riviera\/de\/wp-json\/wp\/v2\/pages"}],"about":[{"href":"https:\/\/www.riviera-hotel.gr\/riviera\/de\/wp-json\/wp\/v2\/types\/page"}],"author":[{"embeddable":true,"href":"https:\/\/www.riviera-hotel.gr\/riviera\/de\/wp-json\/wp\/v2\/users\/1"}],"replies":[{"embeddable":true,"href":"https:\/\/www.riviera-hotel.gr\/riviera\/de\/wp-json\/wp\/v2\/comments?post=22"}],"version-history":[{"count":6,"href":"https:\/\/www.riviera-hotel.gr\/riviera\/de\/wp-json\/wp\/v2\/pages\/22\/revisions"}],"predecessor-version":[{"id":355,"href":"https:\/\/www.riviera-hotel.gr\/riviera\/de\/wp-json\/wp\/v2\/pages\/22\/revisions\/355"}],"wp:featuredmedia":[{"embeddable":true,"href":"https:\/\/www.riviera-hotel.gr\/riviera\/de\/wp-json\/wp\/v2\/media\/461"}],"wp:attachment":[{"href":"https:\/\/www.riviera-hotel.gr\/riviera\/de\/wp-json\/wp\/v2\/media?parent=22"}],"curies":[{"name":"wp","href":"https:\/\/api.w.org\/{rel}","templated":true}]}}