{"id":298,"date":"2017-03-08T20:17:48","date_gmt":"2017-03-08T20:17:48","guid":{"rendered":"http:\/\/www.riviera-hotel.gr\/riviera\/?page_id=298"},"modified":"2017-05-24T17:14:02","modified_gmt":"2017-05-24T17:14:02","slug":"%ce%ba%ce%b1%cf%81%ce%b1%ce%b2%ce%bf%cf%83%cf%84%ce%ac%cf%83%ce%b9","status":"publish","type":"page","link":"https:\/\/www.riviera-hotel.gr\/riviera\/de\/%cf%80%ce%b1%cf%81%ce%b1%ce%bb%ce%af%ce%b5%cf%82\/%ce%ba%ce%b1%cf%81%ce%b1%ce%b2%ce%bf%cf%83%cf%84%ce%ac%cf%83%ce%b9\/","title":{"rendered":"Karavostasi"},"content":{"rendered":"<p>Karavostassi ist der gr\u00f6\u00dfte Strand von Perdika und einer der sch\u00f6nsten Str\u00e4nde West-Griechenlands.<br \/>\nEr hat eine l\u00e4nge von ca. einem Kilometer und besteht aus wei\u00dfem feinem Kieselgestein. Die tiefen, kristallklaren und reinen Wasser in Verbindung mit dem tiefgr\u00fcnen Pflanzenbewuchs, der den Strand umgibt und bis ans Meer heranreicht, werden den Besucher bezaubern. Auf dem \u00c2erg neben dem Strand befinden sich die Siedlung Dymokastro und die Ruinen der antiken Stadt Elina. Rundherum sind alle modernen Einrichtungen, wie z. B. Hotels Restaurants und Beach Bars zu finden.<br \/>\nKaravostassi ist ein kosmopolitischer Strand und \u00fcbt eine besondere Anziehungskraft auf alle seine Besucher aus<\/p>\n<a class=\"synved-social-button synved-social-button-share synved-social-size-32 synved-social-resolution-single synved-social-provider-facebook nolightbox\" data-provider=\"facebook\" target=\"_blank\" rel=\"nofollow\" title=\"Share on Facebook\" href=\"https:\/\/www.facebook.com\/sharer.php?u=https%3A%2F%2Fwww.riviera-hotel.gr%2Friviera%2Fde%2Fwp-json%2Fwp%2Fv2%2Fpages%2F298&#038;t=Karavostasi&#038;s=100&#038;p&#091;url&#093;=https%3A%2F%2Fwww.riviera-hotel.gr%2Friviera%2Fde%2Fwp-json%2Fwp%2Fv2%2Fpages%2F298&#038;p&#091;images&#093;&#091;0&#093;=https%3A%2F%2Fwww.riviera-hotel.gr%2Friviera%2Fwp-content%2Fuploads%2F2017%2F03%2FKaravostasiBeach.jpg&#038;p&#091;title&#093;=Karavostasi\" style=\"font-size: 0px;width:32px;height:32px;margin:0;margin-bottom:5px;margin-right:5px\"><img alt=\"Facebook\" title=\"Share on Facebook\" class=\"synved-share-image synved-social-image synved-social-image-share\" width=\"32\" height=\"32\" style=\"display: inline;width:32px;height:32px;margin: 0;padding: 0;border: none\" src=\"https:\/\/www.riviera-hotel.gr\/riviera\/wp-content\/plugins\/social-media-feather\/synved-social\/addons\/extra-icons\/image\/social\/flag\/64x64\/facebook.png\" \/><\/a><a class=\"synved-social-button synved-social-button-share synved-social-size-32 synved-social-resolution-single synved-social-provider-twitter nolightbox\" data-provider=\"twitter\" target=\"_blank\" rel=\"nofollow\" title=\"Share on Twitter\" href=\"https:\/\/twitter.com\/intent\/tweet?url=https%3A%2F%2Fwww.riviera-hotel.gr%2Friviera%2Fde%2Fwp-json%2Fwp%2Fv2%2Fpages%2F298&#038;text=Hey%20check%20this%20out\" style=\"font-size: 0px;width:32px;height:32px;margin:0;margin-bottom:5px;margin-right:5px\"><img alt=\"twitter\" title=\"Share on Twitter\" class=\"synved-share-image synved-social-image synved-social-image-share\" width=\"32\" height=\"32\" style=\"display: inline;width:32px;height:32px;margin: 0;padding: 0;border: none\" src=\"https:\/\/www.riviera-hotel.gr\/riviera\/wp-content\/plugins\/social-media-feather\/synved-social\/addons\/extra-icons\/image\/social\/flag\/64x64\/twitter.png\" \/><\/a><a class=\"synved-social-button synved-social-button-share synved-social-size-32 synved-social-resolution-single synved-social-provider-reddit nolightbox\" data-provider=\"reddit\" target=\"_blank\" rel=\"nofollow\" title=\"Share on Reddit\" href=\"https:\/\/www.reddit.com\/submit?url=https%3A%2F%2Fwww.riviera-hotel.gr%2Friviera%2Fde%2Fwp-json%2Fwp%2Fv2%2Fpages%2F298&#038;title=Karavostasi\" style=\"font-size: 0px;width:32px;height:32px;margin:0;margin-bottom:5px;margin-right:5px\"><img alt=\"reddit\" title=\"Share on Reddit\" class=\"synved-share-image synved-social-image synved-social-image-share\" width=\"32\" height=\"32\" style=\"display: inline;width:32px;height:32px;margin: 0;padding: 0;border: none\" src=\"https:\/\/www.riviera-hotel.gr\/riviera\/wp-content\/plugins\/social-media-feather\/synved-social\/addons\/extra-icons\/image\/social\/flag\/64x64\/reddit.png\" \/><\/a><a class=\"synved-social-button synved-social-button-share synved-social-size-32 synved-social-resolution-single synved-social-provider-pinterest nolightbox\" data-provider=\"pinterest\" target=\"_blank\" rel=\"nofollow\" title=\"Pin it with Pinterest\" href=\"https:\/\/pinterest.com\/pin\/create\/button\/?url=https%3A%2F%2Fwww.riviera-hotel.gr%2Friviera%2Fde%2Fwp-json%2Fwp%2Fv2%2Fpages%2F298&#038;media=https%3A%2F%2Fwww.riviera-hotel.gr%2Friviera%2Fwp-content%2Fuploads%2F2017%2F03%2FKaravostasiBeach.jpg&#038;description=Karavostasi\" style=\"font-size: 0px;width:32px;height:32px;margin:0;margin-bottom:5px;margin-right:5px\"><img alt=\"pinterest\" title=\"Pin it with Pinterest\" class=\"synved-share-image synved-social-image synved-social-image-share\" width=\"32\" height=\"32\" style=\"display: inline;width:32px;height:32px;margin: 0;padding: 0;border: none\" src=\"https:\/\/www.riviera-hotel.gr\/riviera\/wp-content\/plugins\/social-media-feather\/synved-social\/addons\/extra-icons\/image\/social\/flag\/64x64\/pinterest.png\" \/><\/a><a class=\"synved-social-button synved-social-button-share synved-social-size-32 synved-social-resolution-single synved-social-provider-linkedin nolightbox\" data-provider=\"linkedin\" target=\"_blank\" rel=\"nofollow\" title=\"Share on Linkedin\" href=\"https:\/\/www.linkedin.com\/shareArticle?mini=true&#038;url=https%3A%2F%2Fwww.riviera-hotel.gr%2Friviera%2Fde%2Fwp-json%2Fwp%2Fv2%2Fpages%2F298&#038;title=Karavostasi\" style=\"font-size: 0px;width:32px;height:32px;margin:0;margin-bottom:5px;margin-right:5px\"><img alt=\"linkedin\" title=\"Share on Linkedin\" class=\"synved-share-image synved-social-image synved-social-image-share\" width=\"32\" height=\"32\" style=\"display: inline;width:32px;height:32px;margin: 0;padding: 0;border: none\" src=\"https:\/\/www.riviera-hotel.gr\/riviera\/wp-content\/plugins\/social-media-feather\/synved-social\/addons\/extra-icons\/image\/social\/flag\/64x64\/linkedin.png\" \/><\/a><a class=\"synved-social-button synved-social-button-share synved-social-size-32 synved-social-resolution-single synved-social-provider-mail nolightbox\" data-provider=\"mail\" rel=\"nofollow\" title=\"Share by email\" href=\"mailto:?subject=Karavostasi&#038;body=Hey%20check%20this%20out:%20https%3A%2F%2Fwww.riviera-hotel.gr%2Friviera%2Fde%2Fwp-json%2Fwp%2Fv2%2Fpages%2F298\" style=\"font-size: 0px;width:32px;height:32px;margin:0;margin-bottom:5px\"><img alt=\"mail\" title=\"Share by email\" class=\"synved-share-image synved-social-image synved-social-image-share\" width=\"32\" height=\"32\" style=\"display: inline;width:32px;height:32px;margin: 0;padding: 0;border: none\" src=\"https:\/\/www.riviera-hotel.gr\/riviera\/wp-content\/plugins\/social-media-feather\/synved-social\/addons\/extra-icons\/image\/social\/flag\/64x64\/mail.png\" \/><\/a>","protected":false},"excerpt":{"rendered":"<p>Karavostassi ist der gr\u00f6\u00dfte Strand von Perdika und einer der sch\u00f6nsten Str\u00e4nde West-Griechenlands. Er hat eine l\u00e4nge von ca. einem Kilometer und besteht aus wei\u00dfem feinem Kieselgestein. Die tiefen, kristallklaren [&hellip;]<\/p>\n","protected":false},"author":1,"featured_media":338,"parent":268,"menu_order":1,"comment_status":"closed","ping_status":"closed","template":"","meta":[],"_links":{"self":[{"href":"https:\/\/www.riviera-hotel.gr\/riviera\/de\/wp-json\/wp\/v2\/pages\/298"}],"collection":[{"href":"https:\/\/www.riviera-hotel.gr\/riviera\/de\/wp-json\/wp\/v2\/pages"}],"about":[{"href":"https:\/\/www.riviera-hotel.gr\/riviera\/de\/wp-json\/wp\/v2\/types\/page"}],"author":[{"embeddable":true,"href":"https:\/\/www.riviera-hotel.gr\/riviera\/de\/wp-json\/wp\/v2\/users\/1"}],"replies":[{"embeddable":true,"href":"https:\/\/www.riviera-hotel.gr\/riviera\/de\/wp-json\/wp\/v2\/comments?post=298"}],"version-history":[{"count":1,"href":"https:\/\/www.riviera-hotel.gr\/riviera\/de\/wp-json\/wp\/v2\/pages\/298\/revisions"}],"predecessor-version":[{"id":299,"href":"https:\/\/www.riviera-hotel.gr\/riviera\/de\/wp-json\/wp\/v2\/pages\/298\/revisions\/299"}],"up":[{"embeddable":true,"href":"https:\/\/www.riviera-hotel.gr\/riviera\/de\/wp-json\/wp\/v2\/pages\/268"}],"wp:featuredmedia":[{"embeddable":true,"href":"https:\/\/www.riviera-hotel.gr\/riviera\/de\/wp-json\/wp\/v2\/media\/338"}],"wp:attachment":[{"href":"https:\/\/www.riviera-hotel.gr\/riviera\/de\/wp-json\/wp\/v2\/media?parent=298"}],"curies":[{"name":"wp","href":"https:\/\/api.w.org\/{rel}","templated":true}]}}