{"id":308,"date":"2017-03-08T20:39:22","date_gmt":"2017-03-08T20:39:22","guid":{"rendered":"http:\/\/www.riviera-hotel.gr\/riviera\/?page_id=308"},"modified":"2017-05-24T17:18:05","modified_gmt":"2017-05-24T17:18:05","slug":"%ce%bc%ce%ad%ce%b3%ce%b1-%ce%bd%cf%84%cf%81%ce%ac%cf%86%ce%b7","status":"publish","type":"page","link":"https:\/\/www.riviera-hotel.gr\/riviera\/de\/%cf%80%ce%b1%cf%81%ce%b1%ce%bb%ce%af%ce%b5%cf%82\/%ce%bc%ce%ad%ce%b3%ce%b1-%ce%bd%cf%84%cf%81%ce%ac%cf%86%ce%b7\/","title":{"rendered":"Mega Ntrafi"},"content":{"rendered":"<p>Umgeben von hohen und steilen Felsen ist Mega Drafi der Strand, der die gr\u00f6\u00dfte Abgeschiedenheit garantiert.<br \/>\nSeine Wasser sind tief, rein und ideal f\u00fcr all diejenigen, die sich mit Unterwasserfischen und dem Tauchen besch\u00e4ftigen, da sich hier die M\u00f6glichkeit bietet, die in den Felsen gelegenen H\u00f6hlen zu erkunden.<\/p>\n<a class=\"synved-social-button synved-social-button-share synved-social-size-32 synved-social-resolution-single synved-social-provider-facebook nolightbox\" data-provider=\"facebook\" target=\"_blank\" rel=\"nofollow\" title=\"Share on Facebook\" href=\"https:\/\/www.facebook.com\/sharer.php?u=https%3A%2F%2Fwww.riviera-hotel.gr%2Friviera%2Fde%2Fwp-json%2Fwp%2Fv2%2Fpages%2F308&#038;t=Mega%20Ntrafi&#038;s=100&#038;p&#091;url&#093;=https%3A%2F%2Fwww.riviera-hotel.gr%2Friviera%2Fde%2Fwp-json%2Fwp%2Fv2%2Fpages%2F308&#038;p&#091;images&#093;&#091;0&#093;=https%3A%2F%2Fwww.riviera-hotel.gr%2Friviera%2Fwp-content%2Fuploads%2F2017%2F03%2FMegaNtrafiBeach.jpg&#038;p&#091;title&#093;=Mega%20Ntrafi\" style=\"font-size: 0px;width:32px;height:32px;margin:0;margin-bottom:5px;margin-right:5px\"><img alt=\"Facebook\" title=\"Share on Facebook\" class=\"synved-share-image synved-social-image synved-social-image-share\" width=\"32\" height=\"32\" style=\"display: inline;width:32px;height:32px;margin: 0;padding: 0;border: none\" src=\"https:\/\/www.riviera-hotel.gr\/riviera\/wp-content\/plugins\/social-media-feather\/synved-social\/addons\/extra-icons\/image\/social\/flag\/64x64\/facebook.png\" \/><\/a><a class=\"synved-social-button synved-social-button-share synved-social-size-32 synved-social-resolution-single synved-social-provider-twitter nolightbox\" data-provider=\"twitter\" target=\"_blank\" rel=\"nofollow\" title=\"Share on Twitter\" href=\"https:\/\/twitter.com\/intent\/tweet?url=https%3A%2F%2Fwww.riviera-hotel.gr%2Friviera%2Fde%2Fwp-json%2Fwp%2Fv2%2Fpages%2F308&#038;text=Hey%20check%20this%20out\" style=\"font-size: 0px;width:32px;height:32px;margin:0;margin-bottom:5px;margin-right:5px\"><img alt=\"twitter\" title=\"Share on Twitter\" class=\"synved-share-image synved-social-image synved-social-image-share\" width=\"32\" height=\"32\" style=\"display: inline;width:32px;height:32px;margin: 0;padding: 0;border: none\" src=\"https:\/\/www.riviera-hotel.gr\/riviera\/wp-content\/plugins\/social-media-feather\/synved-social\/addons\/extra-icons\/image\/social\/flag\/64x64\/twitter.png\" \/><\/a><a class=\"synved-social-button synved-social-button-share synved-social-size-32 synved-social-resolution-single synved-social-provider-reddit nolightbox\" data-provider=\"reddit\" target=\"_blank\" rel=\"nofollow\" title=\"Share on Reddit\" href=\"https:\/\/www.reddit.com\/submit?url=https%3A%2F%2Fwww.riviera-hotel.gr%2Friviera%2Fde%2Fwp-json%2Fwp%2Fv2%2Fpages%2F308&#038;title=Mega%20Ntrafi\" style=\"font-size: 0px;width:32px;height:32px;margin:0;margin-bottom:5px;margin-right:5px\"><img alt=\"reddit\" title=\"Share on Reddit\" class=\"synved-share-image synved-social-image synved-social-image-share\" width=\"32\" height=\"32\" style=\"display: inline;width:32px;height:32px;margin: 0;padding: 0;border: none\" src=\"https:\/\/www.riviera-hotel.gr\/riviera\/wp-content\/plugins\/social-media-feather\/synved-social\/addons\/extra-icons\/image\/social\/flag\/64x64\/reddit.png\" \/><\/a><a class=\"synved-social-button synved-social-button-share synved-social-size-32 synved-social-resolution-single synved-social-provider-pinterest nolightbox\" data-provider=\"pinterest\" target=\"_blank\" rel=\"nofollow\" title=\"Pin it with Pinterest\" href=\"https:\/\/pinterest.com\/pin\/create\/button\/?url=https%3A%2F%2Fwww.riviera-hotel.gr%2Friviera%2Fde%2Fwp-json%2Fwp%2Fv2%2Fpages%2F308&#038;media=https%3A%2F%2Fwww.riviera-hotel.gr%2Friviera%2Fwp-content%2Fuploads%2F2017%2F03%2FMegaNtrafiBeach.jpg&#038;description=Mega%20Ntrafi\" style=\"font-size: 0px;width:32px;height:32px;margin:0;margin-bottom:5px;margin-right:5px\"><img alt=\"pinterest\" title=\"Pin it with Pinterest\" class=\"synved-share-image synved-social-image synved-social-image-share\" width=\"32\" height=\"32\" style=\"display: inline;width:32px;height:32px;margin: 0;padding: 0;border: none\" src=\"https:\/\/www.riviera-hotel.gr\/riviera\/wp-content\/plugins\/social-media-feather\/synved-social\/addons\/extra-icons\/image\/social\/flag\/64x64\/pinterest.png\" \/><\/a><a class=\"synved-social-button synved-social-button-share synved-social-size-32 synved-social-resolution-single synved-social-provider-linkedin nolightbox\" data-provider=\"linkedin\" target=\"_blank\" rel=\"nofollow\" title=\"Share on Linkedin\" href=\"https:\/\/www.linkedin.com\/shareArticle?mini=true&#038;url=https%3A%2F%2Fwww.riviera-hotel.gr%2Friviera%2Fde%2Fwp-json%2Fwp%2Fv2%2Fpages%2F308&#038;title=Mega%20Ntrafi\" style=\"font-size: 0px;width:32px;height:32px;margin:0;margin-bottom:5px;margin-right:5px\"><img alt=\"linkedin\" title=\"Share on Linkedin\" class=\"synved-share-image synved-social-image synved-social-image-share\" width=\"32\" height=\"32\" style=\"display: inline;width:32px;height:32px;margin: 0;padding: 0;border: none\" src=\"https:\/\/www.riviera-hotel.gr\/riviera\/wp-content\/plugins\/social-media-feather\/synved-social\/addons\/extra-icons\/image\/social\/flag\/64x64\/linkedin.png\" \/><\/a><a class=\"synved-social-button synved-social-button-share synved-social-size-32 synved-social-resolution-single synved-social-provider-mail nolightbox\" data-provider=\"mail\" rel=\"nofollow\" title=\"Share by email\" href=\"mailto:?subject=Mega%20Ntrafi&#038;body=Hey%20check%20this%20out:%20https%3A%2F%2Fwww.riviera-hotel.gr%2Friviera%2Fde%2Fwp-json%2Fwp%2Fv2%2Fpages%2F308\" style=\"font-size: 0px;width:32px;height:32px;margin:0;margin-bottom:5px\"><img alt=\"mail\" title=\"Share by email\" class=\"synved-share-image synved-social-image synved-social-image-share\" width=\"32\" height=\"32\" style=\"display: inline;width:32px;height:32px;margin: 0;padding: 0;border: none\" src=\"https:\/\/www.riviera-hotel.gr\/riviera\/wp-content\/plugins\/social-media-feather\/synved-social\/addons\/extra-icons\/image\/social\/flag\/64x64\/mail.png\" \/><\/a>","protected":false},"excerpt":{"rendered":"<p>Umgeben von hohen und steilen Felsen ist Mega Drafi der Strand, der die gr\u00f6\u00dfte Abgeschiedenheit garantiert. Seine Wasser sind tief, rein und ideal f\u00fcr all diejenigen, die sich mit Unterwasserfischen [&hellip;]<\/p>\n","protected":false},"author":1,"featured_media":343,"parent":268,"menu_order":6,"comment_status":"closed","ping_status":"closed","template":"","meta":[],"_links":{"self":[{"href":"https:\/\/www.riviera-hotel.gr\/riviera\/de\/wp-json\/wp\/v2\/pages\/308"}],"collection":[{"href":"https:\/\/www.riviera-hotel.gr\/riviera\/de\/wp-json\/wp\/v2\/pages"}],"about":[{"href":"https:\/\/www.riviera-hotel.gr\/riviera\/de\/wp-json\/wp\/v2\/types\/page"}],"author":[{"embeddable":true,"href":"https:\/\/www.riviera-hotel.gr\/riviera\/de\/wp-json\/wp\/v2\/users\/1"}],"replies":[{"embeddable":true,"href":"https:\/\/www.riviera-hotel.gr\/riviera\/de\/wp-json\/wp\/v2\/comments?post=308"}],"version-history":[{"count":1,"href":"https:\/\/www.riviera-hotel.gr\/riviera\/de\/wp-json\/wp\/v2\/pages\/308\/revisions"}],"predecessor-version":[{"id":309,"href":"https:\/\/www.riviera-hotel.gr\/riviera\/de\/wp-json\/wp\/v2\/pages\/308\/revisions\/309"}],"up":[{"embeddable":true,"href":"https:\/\/www.riviera-hotel.gr\/riviera\/de\/wp-json\/wp\/v2\/pages\/268"}],"wp:featuredmedia":[{"embeddable":true,"href":"https:\/\/www.riviera-hotel.gr\/riviera\/de\/wp-json\/wp\/v2\/media\/343"}],"wp:attachment":[{"href":"https:\/\/www.riviera-hotel.gr\/riviera\/de\/wp-json\/wp\/v2\/media?parent=308"}],"curies":[{"name":"wp","href":"https:\/\/api.w.org\/{rel}","templated":true}]}}