{"id":326,"date":"2017-03-22T20:37:42","date_gmt":"2017-03-22T20:37:42","guid":{"rendered":"http:\/\/www.riviera-hotel.gr\/riviera\/?page_id=326"},"modified":"2017-05-24T17:29:48","modified_gmt":"2017-05-24T17:29:48","slug":"%cf%80%ce%b5%cf%81%ce%b9%ce%bf%cf%87%ce%ae","status":"publish","type":"page","link":"https:\/\/www.riviera-hotel.gr\/riviera\/de\/%cf%80%ce%b5%cf%81%ce%b9%ce%bf%cf%87%ce%ae\/","title":{"rendered":"Bereich"},"content":{"rendered":"<p>Das Riviera Perdika Hotel befindet sich am Karavostassi-Strand, der zur K\u00fcstenlinie geh\u00f6rt, die sich von Preveza bis Igoumenitsa erstreckt. In dieser Region am Ionischen Meer liegen einige der sch\u00f6nsten Str\u00e4nde West-Griechenlands. Hier k\u00f6nnen Sie Str\u00e4nde f\u00fcr jeden Geschmack finden, vom kosmopolitischen Kravostassi mit seinen kristallklaren Wassern bis hin zum malerischen Strand Agia Paraskevi mit seiner kleinen Insel, sowie dem abgelegenen Mega Drafi.<\/p>\n<p>Das Dorf Perdika ist das gr\u00f6\u00dfte im Verwaltungsbezirk Thesprotia mit einer Einwohnerzahl von mehr als 2000 st\u00e4ndigen Bewohnern, ein Umstand, der es zu jeder Jahreszeit zu einem Ort voller Leben macht. Besonders in den Sommermonaten sorgen die zahlreichen Caf\u00e9s, Bars, Restaurants und Gesch\u00e4fte jeder Art f\u00fcr Ihre Unterhaltung.<\/p>\n<p>Perdika liegt nur 12 km vom malerischen Ort Syvota und 15 km vom ber\u00fchmten Parga entfernt. Die Entfernung zur Bezirkshauptstadt Igoumenitsa betr\u00e4gt 35 km und zu Ioannina weniger als ein Stunde. Genau gegen\u00fcber, ganz in der N\u00e4he, liegen majest\u00e4tisch die Inseln Paxi und Corfu, ideale Zielorte f\u00fcr Tagesausfl\u00fcge.<\/p>\n<a class=\"synved-social-button synved-social-button-share synved-social-size-32 synved-social-resolution-single synved-social-provider-facebook nolightbox\" data-provider=\"facebook\" target=\"_blank\" rel=\"nofollow\" title=\"Share on Facebook\" href=\"https:\/\/www.facebook.com\/sharer.php?u=https%3A%2F%2Fwww.riviera-hotel.gr%2Friviera%2Fde%2Fwp-json%2Fwp%2Fv2%2Fpages%2F326&#038;t=Bereich&#038;s=100&#038;p&#091;url&#093;=https%3A%2F%2Fwww.riviera-hotel.gr%2Friviera%2Fde%2Fwp-json%2Fwp%2Fv2%2Fpages%2F326&#038;p&#091;images&#093;&#091;0&#093;=https%3A%2F%2Fwww.riviera-hotel.gr%2Friviera%2Fwp-content%2Fuploads%2F2017%2F03%2FPlateiaPerdikas.jpg&#038;p&#091;title&#093;=Bereich\" style=\"font-size: 0px;width:32px;height:32px;margin:0;margin-bottom:5px;margin-right:5px\"><img alt=\"Facebook\" title=\"Share on Facebook\" class=\"synved-share-image synved-social-image synved-social-image-share\" width=\"32\" height=\"32\" style=\"display: inline;width:32px;height:32px;margin: 0;padding: 0;border: none\" src=\"https:\/\/www.riviera-hotel.gr\/riviera\/wp-content\/plugins\/social-media-feather\/synved-social\/addons\/extra-icons\/image\/social\/flag\/64x64\/facebook.png\" \/><\/a><a class=\"synved-social-button synved-social-button-share synved-social-size-32 synved-social-resolution-single synved-social-provider-twitter nolightbox\" data-provider=\"twitter\" target=\"_blank\" rel=\"nofollow\" title=\"Share on Twitter\" href=\"https:\/\/twitter.com\/intent\/tweet?url=https%3A%2F%2Fwww.riviera-hotel.gr%2Friviera%2Fde%2Fwp-json%2Fwp%2Fv2%2Fpages%2F326&#038;text=Hey%20check%20this%20out\" style=\"font-size: 0px;width:32px;height:32px;margin:0;margin-bottom:5px;margin-right:5px\"><img alt=\"twitter\" title=\"Share on Twitter\" class=\"synved-share-image synved-social-image synved-social-image-share\" width=\"32\" height=\"32\" style=\"display: inline;width:32px;height:32px;margin: 0;padding: 0;border: none\" src=\"https:\/\/www.riviera-hotel.gr\/riviera\/wp-content\/plugins\/social-media-feather\/synved-social\/addons\/extra-icons\/image\/social\/flag\/64x64\/twitter.png\" \/><\/a><a class=\"synved-social-button synved-social-button-share synved-social-size-32 synved-social-resolution-single synved-social-provider-reddit nolightbox\" data-provider=\"reddit\" target=\"_blank\" rel=\"nofollow\" title=\"Share on Reddit\" href=\"https:\/\/www.reddit.com\/submit?url=https%3A%2F%2Fwww.riviera-hotel.gr%2Friviera%2Fde%2Fwp-json%2Fwp%2Fv2%2Fpages%2F326&#038;title=Bereich\" style=\"font-size: 0px;width:32px;height:32px;margin:0;margin-bottom:5px;margin-right:5px\"><img alt=\"reddit\" title=\"Share on Reddit\" class=\"synved-share-image synved-social-image synved-social-image-share\" width=\"32\" height=\"32\" style=\"display: inline;width:32px;height:32px;margin: 0;padding: 0;border: none\" src=\"https:\/\/www.riviera-hotel.gr\/riviera\/wp-content\/plugins\/social-media-feather\/synved-social\/addons\/extra-icons\/image\/social\/flag\/64x64\/reddit.png\" \/><\/a><a class=\"synved-social-button synved-social-button-share synved-social-size-32 synved-social-resolution-single synved-social-provider-pinterest nolightbox\" data-provider=\"pinterest\" target=\"_blank\" rel=\"nofollow\" title=\"Pin it with Pinterest\" href=\"https:\/\/pinterest.com\/pin\/create\/button\/?url=https%3A%2F%2Fwww.riviera-hotel.gr%2Friviera%2Fde%2Fwp-json%2Fwp%2Fv2%2Fpages%2F326&#038;media=https%3A%2F%2Fwww.riviera-hotel.gr%2Friviera%2Fwp-content%2Fuploads%2F2017%2F03%2FPlateiaPerdikas.jpg&#038;description=Bereich\" style=\"font-size: 0px;width:32px;height:32px;margin:0;margin-bottom:5px;margin-right:5px\"><img alt=\"pinterest\" title=\"Pin it with Pinterest\" class=\"synved-share-image synved-social-image synved-social-image-share\" width=\"32\" height=\"32\" style=\"display: inline;width:32px;height:32px;margin: 0;padding: 0;border: none\" src=\"https:\/\/www.riviera-hotel.gr\/riviera\/wp-content\/plugins\/social-media-feather\/synved-social\/addons\/extra-icons\/image\/social\/flag\/64x64\/pinterest.png\" \/><\/a><a class=\"synved-social-button synved-social-button-share synved-social-size-32 synved-social-resolution-single synved-social-provider-linkedin nolightbox\" data-provider=\"linkedin\" target=\"_blank\" rel=\"nofollow\" title=\"Share on Linkedin\" href=\"https:\/\/www.linkedin.com\/shareArticle?mini=true&#038;url=https%3A%2F%2Fwww.riviera-hotel.gr%2Friviera%2Fde%2Fwp-json%2Fwp%2Fv2%2Fpages%2F326&#038;title=Bereich\" style=\"font-size: 0px;width:32px;height:32px;margin:0;margin-bottom:5px;margin-right:5px\"><img alt=\"linkedin\" title=\"Share on Linkedin\" class=\"synved-share-image synved-social-image synved-social-image-share\" width=\"32\" height=\"32\" style=\"display: inline;width:32px;height:32px;margin: 0;padding: 0;border: none\" src=\"https:\/\/www.riviera-hotel.gr\/riviera\/wp-content\/plugins\/social-media-feather\/synved-social\/addons\/extra-icons\/image\/social\/flag\/64x64\/linkedin.png\" \/><\/a><a class=\"synved-social-button synved-social-button-share synved-social-size-32 synved-social-resolution-single synved-social-provider-mail nolightbox\" data-provider=\"mail\" rel=\"nofollow\" title=\"Share by email\" href=\"mailto:?subject=Bereich&#038;body=Hey%20check%20this%20out:%20https%3A%2F%2Fwww.riviera-hotel.gr%2Friviera%2Fde%2Fwp-json%2Fwp%2Fv2%2Fpages%2F326\" style=\"font-size: 0px;width:32px;height:32px;margin:0;margin-bottom:5px\"><img alt=\"mail\" title=\"Share by email\" class=\"synved-share-image synved-social-image synved-social-image-share\" width=\"32\" height=\"32\" style=\"display: inline;width:32px;height:32px;margin: 0;padding: 0;border: none\" src=\"https:\/\/www.riviera-hotel.gr\/riviera\/wp-content\/plugins\/social-media-feather\/synved-social\/addons\/extra-icons\/image\/social\/flag\/64x64\/mail.png\" \/><\/a>","protected":false},"excerpt":{"rendered":"<p>Das Riviera Perdika Hotel befindet sich am Karavostassi-Strand, der zur K\u00fcstenlinie geh\u00f6rt, die sich von Preveza bis Igoumenitsa erstreckt. In dieser Region am Ionischen Meer liegen einige der sch\u00f6nsten Str\u00e4nde [&hellip;]<\/p>\n","protected":false},"author":1,"featured_media":345,"parent":0,"menu_order":0,"comment_status":"closed","ping_status":"closed","template":"","meta":[],"_links":{"self":[{"href":"https:\/\/www.riviera-hotel.gr\/riviera\/de\/wp-json\/wp\/v2\/pages\/326"}],"collection":[{"href":"https:\/\/www.riviera-hotel.gr\/riviera\/de\/wp-json\/wp\/v2\/pages"}],"about":[{"href":"https:\/\/www.riviera-hotel.gr\/riviera\/de\/wp-json\/wp\/v2\/types\/page"}],"author":[{"embeddable":true,"href":"https:\/\/www.riviera-hotel.gr\/riviera\/de\/wp-json\/wp\/v2\/users\/1"}],"replies":[{"embeddable":true,"href":"https:\/\/www.riviera-hotel.gr\/riviera\/de\/wp-json\/wp\/v2\/comments?post=326"}],"version-history":[{"count":1,"href":"https:\/\/www.riviera-hotel.gr\/riviera\/de\/wp-json\/wp\/v2\/pages\/326\/revisions"}],"predecessor-version":[{"id":327,"href":"https:\/\/www.riviera-hotel.gr\/riviera\/de\/wp-json\/wp\/v2\/pages\/326\/revisions\/327"}],"wp:featuredmedia":[{"embeddable":true,"href":"https:\/\/www.riviera-hotel.gr\/riviera\/de\/wp-json\/wp\/v2\/media\/345"}],"wp:attachment":[{"href":"https:\/\/www.riviera-hotel.gr\/riviera\/de\/wp-json\/wp\/v2\/media?parent=326"}],"curies":[{"name":"wp","href":"https:\/\/api.w.org\/{rel}","templated":true}]}}