{"id":237,"date":"2017-01-05T19:36:46","date_gmt":"2017-01-05T19:36:46","guid":{"rendered":"http:\/\/www.riviera-hotel.gr\/riviera\/?page_id=237"},"modified":"2017-01-05T19:40:13","modified_gmt":"2017-01-05T19:40:13","slug":"%ce%b1%ce%bc%ce%b5%ce%b1","status":"publish","type":"page","link":"https:\/\/www.riviera-hotel.gr\/riviera\/it\/rooms-rates\/%ce%b1%ce%bc%ce%b5%ce%b1\/","title":{"rendered":"Persone con disabilita fisiche"},"content":{"rendered":"<p>L\u2019albergo per i nostri ospitti con disabilit\u00e0 fisiche, ha preparato una camera costruita specialmente per loro.<\/p>\n<p>La camera per le persone con disabilit\u00e0 fisiche \u00e8 pi\u00f9 spaziosa da tutte le altre, gli articoli sanitari sono per questo specialmente costruiti (vasca, lavamani, doccia) ma anche esistono delle barre di sostegno. Inoltre, a tutto l\u2019albergo esistono delle costruzioni per l\u2019accesso facile a tutti gli spazi d\u2019uso comune (salotto, bar, piscina, ristorante) offrendo un soggiorno piacevole e indisturbato.<\/p>\n<p>Anche in questa camera troverete tutti i confort, l\u2019asciugacapelli, l\u2019aria condizionata, televisore LCD 22\u2019\u2019, collegamento Internet, mini-bar, cassaforte ed il balcone privato.<\/p>\n<a class=\"synved-social-button synved-social-button-share synved-social-size-32 synved-social-resolution-single synved-social-provider-facebook nolightbox\" data-provider=\"facebook\" target=\"_blank\" rel=\"nofollow\" title=\"Share on Facebook\" href=\"https:\/\/www.facebook.com\/sharer.php?u=https%3A%2F%2Fwww.riviera-hotel.gr%2Friviera%2Fit%2Fwp-json%2Fwp%2Fv2%2Fpages%2F237&#038;t=Persone%20con%20disabilita%20fisiche&#038;s=100&#038;p&#091;url&#093;=https%3A%2F%2Fwww.riviera-hotel.gr%2Friviera%2Fit%2Fwp-json%2Fwp%2Fv2%2Fpages%2F237&#038;p&#091;images&#093;&#091;0&#093;=&#038;p&#091;title&#093;=Persone%20con%20disabilita%20fisiche\" style=\"font-size: 0px;width:32px;height:32px;margin:0;margin-bottom:5px;margin-right:5px\"><img alt=\"Facebook\" title=\"Share on Facebook\" class=\"synved-share-image synved-social-image synved-social-image-share\" width=\"32\" height=\"32\" style=\"display: inline;width:32px;height:32px;margin: 0;padding: 0;border: none\" src=\"https:\/\/www.riviera-hotel.gr\/riviera\/wp-content\/plugins\/social-media-feather\/synved-social\/addons\/extra-icons\/image\/social\/flag\/64x64\/facebook.png\" \/><\/a><a class=\"synved-social-button synved-social-button-share synved-social-size-32 synved-social-resolution-single synved-social-provider-twitter nolightbox\" data-provider=\"twitter\" target=\"_blank\" rel=\"nofollow\" title=\"Share on Twitter\" href=\"https:\/\/twitter.com\/intent\/tweet?url=https%3A%2F%2Fwww.riviera-hotel.gr%2Friviera%2Fit%2Fwp-json%2Fwp%2Fv2%2Fpages%2F237&#038;text=Hey%20check%20this%20out\" style=\"font-size: 0px;width:32px;height:32px;margin:0;margin-bottom:5px;margin-right:5px\"><img alt=\"twitter\" title=\"Share on Twitter\" class=\"synved-share-image synved-social-image synved-social-image-share\" width=\"32\" height=\"32\" style=\"display: inline;width:32px;height:32px;margin: 0;padding: 0;border: none\" src=\"https:\/\/www.riviera-hotel.gr\/riviera\/wp-content\/plugins\/social-media-feather\/synved-social\/addons\/extra-icons\/image\/social\/flag\/64x64\/twitter.png\" \/><\/a><a class=\"synved-social-button synved-social-button-share synved-social-size-32 synved-social-resolution-single synved-social-provider-reddit nolightbox\" data-provider=\"reddit\" target=\"_blank\" rel=\"nofollow\" title=\"Share on Reddit\" href=\"https:\/\/www.reddit.com\/submit?url=https%3A%2F%2Fwww.riviera-hotel.gr%2Friviera%2Fit%2Fwp-json%2Fwp%2Fv2%2Fpages%2F237&#038;title=Persone%20con%20disabilita%20fisiche\" style=\"font-size: 0px;width:32px;height:32px;margin:0;margin-bottom:5px;margin-right:5px\"><img alt=\"reddit\" title=\"Share on Reddit\" class=\"synved-share-image synved-social-image synved-social-image-share\" width=\"32\" height=\"32\" style=\"display: inline;width:32px;height:32px;margin: 0;padding: 0;border: none\" src=\"https:\/\/www.riviera-hotel.gr\/riviera\/wp-content\/plugins\/social-media-feather\/synved-social\/addons\/extra-icons\/image\/social\/flag\/64x64\/reddit.png\" \/><\/a><a class=\"synved-social-button synved-social-button-share synved-social-size-32 synved-social-resolution-single synved-social-provider-pinterest nolightbox\" data-provider=\"pinterest\" target=\"_blank\" rel=\"nofollow\" title=\"Pin it with Pinterest\" href=\"https:\/\/pinterest.com\/pin\/create\/button\/?url=https%3A%2F%2Fwww.riviera-hotel.gr%2Friviera%2Fit%2Fwp-json%2Fwp%2Fv2%2Fpages%2F237&#038;media=&#038;description=Persone%20con%20disabilita%20fisiche\" style=\"font-size: 0px;width:32px;height:32px;margin:0;margin-bottom:5px;margin-right:5px\"><img alt=\"pinterest\" title=\"Pin it with Pinterest\" class=\"synved-share-image synved-social-image synved-social-image-share\" width=\"32\" height=\"32\" style=\"display: inline;width:32px;height:32px;margin: 0;padding: 0;border: none\" src=\"https:\/\/www.riviera-hotel.gr\/riviera\/wp-content\/plugins\/social-media-feather\/synved-social\/addons\/extra-icons\/image\/social\/flag\/64x64\/pinterest.png\" \/><\/a><a class=\"synved-social-button synved-social-button-share synved-social-size-32 synved-social-resolution-single synved-social-provider-linkedin nolightbox\" data-provider=\"linkedin\" target=\"_blank\" rel=\"nofollow\" title=\"Share on Linkedin\" href=\"https:\/\/www.linkedin.com\/shareArticle?mini=true&#038;url=https%3A%2F%2Fwww.riviera-hotel.gr%2Friviera%2Fit%2Fwp-json%2Fwp%2Fv2%2Fpages%2F237&#038;title=Persone%20con%20disabilita%20fisiche\" style=\"font-size: 0px;width:32px;height:32px;margin:0;margin-bottom:5px;margin-right:5px\"><img alt=\"linkedin\" title=\"Share on Linkedin\" class=\"synved-share-image synved-social-image synved-social-image-share\" width=\"32\" height=\"32\" style=\"display: inline;width:32px;height:32px;margin: 0;padding: 0;border: none\" src=\"https:\/\/www.riviera-hotel.gr\/riviera\/wp-content\/plugins\/social-media-feather\/synved-social\/addons\/extra-icons\/image\/social\/flag\/64x64\/linkedin.png\" \/><\/a><a class=\"synved-social-button synved-social-button-share synved-social-size-32 synved-social-resolution-single synved-social-provider-mail nolightbox\" data-provider=\"mail\" rel=\"nofollow\" title=\"Share by email\" href=\"mailto:?subject=Persone%20con%20disabilita%20fisiche&#038;body=Hey%20check%20this%20out:%20https%3A%2F%2Fwww.riviera-hotel.gr%2Friviera%2Fit%2Fwp-json%2Fwp%2Fv2%2Fpages%2F237\" style=\"font-size: 0px;width:32px;height:32px;margin:0;margin-bottom:5px\"><img alt=\"mail\" title=\"Share by email\" class=\"synved-share-image synved-social-image synved-social-image-share\" width=\"32\" height=\"32\" style=\"display: inline;width:32px;height:32px;margin: 0;padding: 0;border: none\" src=\"https:\/\/www.riviera-hotel.gr\/riviera\/wp-content\/plugins\/social-media-feather\/synved-social\/addons\/extra-icons\/image\/social\/flag\/64x64\/mail.png\" \/><\/a>","protected":false},"excerpt":{"rendered":"<p>L\u2019albergo per i nostri ospitti con disabilit\u00e0 fisiche, ha preparato una camera costruita specialmente per loro. La camera per le persone con disabilit\u00e0 fisiche \u00e8 pi\u00f9 spaziosa da tutte le [&hellip;]<\/p>\n","protected":false},"author":1,"featured_media":0,"parent":22,"menu_order":5,"comment_status":"closed","ping_status":"closed","template":"page-templates\/room.php","meta":[],"_links":{"self":[{"href":"https:\/\/www.riviera-hotel.gr\/riviera\/it\/wp-json\/wp\/v2\/pages\/237"}],"collection":[{"href":"https:\/\/www.riviera-hotel.gr\/riviera\/it\/wp-json\/wp\/v2\/pages"}],"about":[{"href":"https:\/\/www.riviera-hotel.gr\/riviera\/it\/wp-json\/wp\/v2\/types\/page"}],"author":[{"embeddable":true,"href":"https:\/\/www.riviera-hotel.gr\/riviera\/it\/wp-json\/wp\/v2\/users\/1"}],"replies":[{"embeddable":true,"href":"https:\/\/www.riviera-hotel.gr\/riviera\/it\/wp-json\/wp\/v2\/comments?post=237"}],"version-history":[{"count":1,"href":"https:\/\/www.riviera-hotel.gr\/riviera\/it\/wp-json\/wp\/v2\/pages\/237\/revisions"}],"predecessor-version":[{"id":238,"href":"https:\/\/www.riviera-hotel.gr\/riviera\/it\/wp-json\/wp\/v2\/pages\/237\/revisions\/238"}],"up":[{"embeddable":true,"href":"https:\/\/www.riviera-hotel.gr\/riviera\/it\/wp-json\/wp\/v2\/pages\/22"}],"wp:attachment":[{"href":"https:\/\/www.riviera-hotel.gr\/riviera\/it\/wp-json\/wp\/v2\/media?parent=237"}],"curies":[{"name":"wp","href":"https:\/\/api.w.org\/{rel}","templated":true}]}}