{"id":252,"date":"2017-01-05T22:02:01","date_gmt":"2017-01-05T22:02:01","guid":{"rendered":"http:\/\/www.riviera-hotel.gr\/riviera\/?page_id=252"},"modified":"2017-05-24T17:09:22","modified_gmt":"2017-05-24T17:09:22","slug":"%cf%83%cf%8d%ce%b2%ce%bf%cf%84%ce%b1","status":"publish","type":"page","link":"https:\/\/www.riviera-hotel.gr\/riviera\/it\/attractions\/%cf%83%cf%8d%ce%b2%ce%bf%cf%84%ce%b1\/","title":{"rendered":"Syvota"},"content":{"rendered":"<p>Syvota, che dista solo 15 km da Perdika, consiste uno dei luighi pi\u00f9 visitati dai turisti in Grecia. Con il suo porto pittoresco e con tutti i piccoli golfi e spiagge, che si trovano attorno risulta uno dei posti pi\u00f9 belli della regione.<br \/>\nIl visitatore pu\u00f2 godere tutti i pasti o le bevande avendo vista l\u2019azzuro del mar Ionio e pu\u00f2 comprare souvenirs di ogni tipo. Questo che sicuramente deve provare per\u00f2 \u00e8 la gitta con la barca nelle spiagge nascoste e scoprire le loro bellezze uniche che porter\u00e0 con lui per tutta la sua vita. Spiagge come la Piscina, la Bella Vraka, la Zavia, e la Megali Ammos Vi aspettano per esplorarle.<\/p>\n<a class=\"synved-social-button synved-social-button-share synved-social-size-32 synved-social-resolution-single synved-social-provider-facebook nolightbox\" data-provider=\"facebook\" target=\"_blank\" rel=\"nofollow\" title=\"Share on Facebook\" href=\"https:\/\/www.facebook.com\/sharer.php?u=https%3A%2F%2Fwww.riviera-hotel.gr%2Friviera%2Fit%2Fwp-json%2Fwp%2Fv2%2Fpages%2F252&#038;t=Syvota&#038;s=100&#038;p&#091;url&#093;=https%3A%2F%2Fwww.riviera-hotel.gr%2Friviera%2Fit%2Fwp-json%2Fwp%2Fv2%2Fpages%2F252&#038;p&#091;images&#093;&#091;0&#093;=https%3A%2F%2Fwww.riviera-hotel.gr%2Friviera%2Fwp-content%2Fuploads%2F2017%2F01%2FSivotaBellaVraka.jpg&#038;p&#091;title&#093;=Syvota\" style=\"font-size: 0px;width:32px;height:32px;margin:0;margin-bottom:5px;margin-right:5px\"><img alt=\"Facebook\" title=\"Share on Facebook\" class=\"synved-share-image synved-social-image synved-social-image-share\" width=\"32\" height=\"32\" style=\"display: inline;width:32px;height:32px;margin: 0;padding: 0;border: none\" src=\"https:\/\/www.riviera-hotel.gr\/riviera\/wp-content\/plugins\/social-media-feather\/synved-social\/addons\/extra-icons\/image\/social\/flag\/64x64\/facebook.png\" \/><\/a><a class=\"synved-social-button synved-social-button-share synved-social-size-32 synved-social-resolution-single synved-social-provider-twitter nolightbox\" data-provider=\"twitter\" target=\"_blank\" rel=\"nofollow\" title=\"Share on Twitter\" href=\"https:\/\/twitter.com\/intent\/tweet?url=https%3A%2F%2Fwww.riviera-hotel.gr%2Friviera%2Fit%2Fwp-json%2Fwp%2Fv2%2Fpages%2F252&#038;text=Hey%20check%20this%20out\" style=\"font-size: 0px;width:32px;height:32px;margin:0;margin-bottom:5px;margin-right:5px\"><img alt=\"twitter\" title=\"Share on Twitter\" class=\"synved-share-image synved-social-image synved-social-image-share\" width=\"32\" height=\"32\" style=\"display: inline;width:32px;height:32px;margin: 0;padding: 0;border: none\" src=\"https:\/\/www.riviera-hotel.gr\/riviera\/wp-content\/plugins\/social-media-feather\/synved-social\/addons\/extra-icons\/image\/social\/flag\/64x64\/twitter.png\" \/><\/a><a class=\"synved-social-button synved-social-button-share synved-social-size-32 synved-social-resolution-single synved-social-provider-reddit nolightbox\" data-provider=\"reddit\" target=\"_blank\" rel=\"nofollow\" title=\"Share on Reddit\" href=\"https:\/\/www.reddit.com\/submit?url=https%3A%2F%2Fwww.riviera-hotel.gr%2Friviera%2Fit%2Fwp-json%2Fwp%2Fv2%2Fpages%2F252&#038;title=Syvota\" style=\"font-size: 0px;width:32px;height:32px;margin:0;margin-bottom:5px;margin-right:5px\"><img alt=\"reddit\" title=\"Share on Reddit\" class=\"synved-share-image synved-social-image synved-social-image-share\" width=\"32\" height=\"32\" style=\"display: inline;width:32px;height:32px;margin: 0;padding: 0;border: none\" src=\"https:\/\/www.riviera-hotel.gr\/riviera\/wp-content\/plugins\/social-media-feather\/synved-social\/addons\/extra-icons\/image\/social\/flag\/64x64\/reddit.png\" \/><\/a><a class=\"synved-social-button synved-social-button-share synved-social-size-32 synved-social-resolution-single synved-social-provider-pinterest nolightbox\" data-provider=\"pinterest\" target=\"_blank\" rel=\"nofollow\" title=\"Pin it with Pinterest\" href=\"https:\/\/pinterest.com\/pin\/create\/button\/?url=https%3A%2F%2Fwww.riviera-hotel.gr%2Friviera%2Fit%2Fwp-json%2Fwp%2Fv2%2Fpages%2F252&#038;media=https%3A%2F%2Fwww.riviera-hotel.gr%2Friviera%2Fwp-content%2Fuploads%2F2017%2F01%2FSivotaBellaVraka.jpg&#038;description=Syvota\" style=\"font-size: 0px;width:32px;height:32px;margin:0;margin-bottom:5px;margin-right:5px\"><img alt=\"pinterest\" title=\"Pin it with Pinterest\" class=\"synved-share-image synved-social-image synved-social-image-share\" width=\"32\" height=\"32\" style=\"display: inline;width:32px;height:32px;margin: 0;padding: 0;border: none\" src=\"https:\/\/www.riviera-hotel.gr\/riviera\/wp-content\/plugins\/social-media-feather\/synved-social\/addons\/extra-icons\/image\/social\/flag\/64x64\/pinterest.png\" \/><\/a><a class=\"synved-social-button synved-social-button-share synved-social-size-32 synved-social-resolution-single synved-social-provider-linkedin nolightbox\" data-provider=\"linkedin\" target=\"_blank\" rel=\"nofollow\" title=\"Share on Linkedin\" href=\"https:\/\/www.linkedin.com\/shareArticle?mini=true&#038;url=https%3A%2F%2Fwww.riviera-hotel.gr%2Friviera%2Fit%2Fwp-json%2Fwp%2Fv2%2Fpages%2F252&#038;title=Syvota\" style=\"font-size: 0px;width:32px;height:32px;margin:0;margin-bottom:5px;margin-right:5px\"><img alt=\"linkedin\" title=\"Share on Linkedin\" class=\"synved-share-image synved-social-image synved-social-image-share\" width=\"32\" height=\"32\" style=\"display: inline;width:32px;height:32px;margin: 0;padding: 0;border: none\" src=\"https:\/\/www.riviera-hotel.gr\/riviera\/wp-content\/plugins\/social-media-feather\/synved-social\/addons\/extra-icons\/image\/social\/flag\/64x64\/linkedin.png\" \/><\/a><a class=\"synved-social-button synved-social-button-share synved-social-size-32 synved-social-resolution-single synved-social-provider-mail nolightbox\" data-provider=\"mail\" rel=\"nofollow\" title=\"Share by email\" href=\"mailto:?subject=Syvota&#038;body=Hey%20check%20this%20out:%20https%3A%2F%2Fwww.riviera-hotel.gr%2Friviera%2Fit%2Fwp-json%2Fwp%2Fv2%2Fpages%2F252\" style=\"font-size: 0px;width:32px;height:32px;margin:0;margin-bottom:5px\"><img alt=\"mail\" title=\"Share by email\" class=\"synved-share-image synved-social-image synved-social-image-share\" width=\"32\" height=\"32\" style=\"display: inline;width:32px;height:32px;margin: 0;padding: 0;border: none\" src=\"https:\/\/www.riviera-hotel.gr\/riviera\/wp-content\/plugins\/social-media-feather\/synved-social\/addons\/extra-icons\/image\/social\/flag\/64x64\/mail.png\" \/><\/a>","protected":false},"excerpt":{"rendered":"<p>Syvota, che dista solo 15 km da Perdika, consiste uno dei luighi pi\u00f9 visitati dai turisti in Grecia. Con il suo porto pittoresco e con tutti i piccoli golfi e [&hellip;]<\/p>\n","protected":false},"author":1,"featured_media":335,"parent":19,"menu_order":5,"comment_status":"closed","ping_status":"closed","template":"page-templates\/attraction.php","meta":[],"_links":{"self":[{"href":"https:\/\/www.riviera-hotel.gr\/riviera\/it\/wp-json\/wp\/v2\/pages\/252"}],"collection":[{"href":"https:\/\/www.riviera-hotel.gr\/riviera\/it\/wp-json\/wp\/v2\/pages"}],"about":[{"href":"https:\/\/www.riviera-hotel.gr\/riviera\/it\/wp-json\/wp\/v2\/types\/page"}],"author":[{"embeddable":true,"href":"https:\/\/www.riviera-hotel.gr\/riviera\/it\/wp-json\/wp\/v2\/users\/1"}],"replies":[{"embeddable":true,"href":"https:\/\/www.riviera-hotel.gr\/riviera\/it\/wp-json\/wp\/v2\/comments?post=252"}],"version-history":[{"count":1,"href":"https:\/\/www.riviera-hotel.gr\/riviera\/it\/wp-json\/wp\/v2\/pages\/252\/revisions"}],"predecessor-version":[{"id":253,"href":"https:\/\/www.riviera-hotel.gr\/riviera\/it\/wp-json\/wp\/v2\/pages\/252\/revisions\/253"}],"up":[{"embeddable":true,"href":"https:\/\/www.riviera-hotel.gr\/riviera\/it\/wp-json\/wp\/v2\/pages\/19"}],"wp:featuredmedia":[{"embeddable":true,"href":"https:\/\/www.riviera-hotel.gr\/riviera\/it\/wp-json\/wp\/v2\/media\/335"}],"wp:attachment":[{"href":"https:\/\/www.riviera-hotel.gr\/riviera\/it\/wp-json\/wp\/v2\/media?parent=252"}],"curies":[{"name":"wp","href":"https:\/\/api.w.org\/{rel}","templated":true}]}}